{"id":79,"date":"2024-03-02T08:13:16","date_gmt":"2024-03-02T07:13:16","guid":{"rendered":"https:\/\/frohsinn-laichingen.de\/?page_id=79"},"modified":"2025-01-19T09:33:35","modified_gmt":"2025-01-19T08:33:35","slug":"vereinsfuehrung","status":"publish","type":"page","link":"https:\/\/frohsinn-laichingen.de\/?page_id=79","title":{"rendered":"Vereinsf\u00fchrung"},"content":{"rendered":"\n<figure class=\"wp-block-image size-full is-resized\"><img loading=\"lazy\" decoding=\"async\" width=\"945\" height=\"850\" src=\"https:\/\/frohsinn-laichingen.de\/wp-content\/uploads\/2025\/01\/image.png\" alt=\"\" class=\"wp-image-201\" style=\"width:398px;height:auto\" srcset=\"https:\/\/frohsinn-laichingen.de\/wp-content\/uploads\/2025\/01\/image.png 945w, https:\/\/frohsinn-laichingen.de\/wp-content\/uploads\/2025\/01\/image-300x270.png 300w, https:\/\/frohsinn-laichingen.de\/wp-content\/uploads\/2025\/01\/image-768x691.png 768w\" sizes=\"auto, (max-width: 945px) 100vw, 945px\" \/><\/figure>\n\n\n\n<p> Vorstand:  Wilhelm Bohnaker und Kai Kresse<\/p>\n\n\n\n<p>Kassierer: Harald Senkel<\/p>\n\n\n\n<p>Schriftf\u00fchrerin: Annerose K\u00e4ppeler<\/p>\n\n\n\n<p>Beisitzer: Elke M\u00f6schl, Marita Unsner und Joachim Claus<\/p>\n\n\n\n<p><\/p>\n\n\n\n<p><\/p>\n","protected":false},"excerpt":{"rendered":"<p>Vorstand: Wilhelm Bohnaker und Kai Kresse Kassierer: Harald Senkel Schriftf\u00fchrerin: Annerose K\u00e4ppeler Beisitzer: Elke M\u00f6schl, Marita Unsner und Joachim Claus<\/p>\n","protected":false},"author":1,"featured_media":0,"parent":0,"menu_order":0,"comment_status":"closed","ping_status":"closed","template":"","meta":{"footnotes":""},"class_list":["post-79","page","type-page","status-publish","hentry"],"_links":{"self":[{"href":"https:\/\/frohsinn-laichingen.de\/index.php?rest_route=\/wp\/v2\/pages\/79","targetHints":{"allow":["GET"]}}],"collection":[{"href":"https:\/\/frohsinn-laichingen.de\/index.php?rest_route=\/wp\/v2\/pages"}],"about":[{"href":"https:\/\/frohsinn-laichingen.de\/index.php?rest_route=\/wp\/v2\/types\/page"}],"author":[{"embeddable":true,"href":"https:\/\/frohsinn-laichingen.de\/index.php?rest_route=\/wp\/v2\/users\/1"}],"replies":[{"embeddable":true,"href":"https:\/\/frohsinn-laichingen.de\/index.php?rest_route=%2Fwp%2Fv2%2Fcomments&post=79"}],"version-history":[{"count":5,"href":"https:\/\/frohsinn-laichingen.de\/index.php?rest_route=\/wp\/v2\/pages\/79\/revisions"}],"predecessor-version":[{"id":211,"href":"https:\/\/frohsinn-laichingen.de\/index.php?rest_route=\/wp\/v2\/pages\/79\/revisions\/211"}],"wp:attachment":[{"href":"https:\/\/frohsinn-laichingen.de\/index.php?rest_route=%2Fwp%2Fv2%2Fmedia&parent=79"}],"curies":[{"name":"wp","href":"https:\/\/api.w.org\/{rel}","templated":true}]}}