{"id":82,"date":"2024-03-02T09:34:25","date_gmt":"2024-03-02T08:34:25","guid":{"rendered":"https:\/\/frohsinn-laichingen.de\/?page_id=82"},"modified":"2024-03-02T09:34:26","modified_gmt":"2024-03-02T08:34:26","slug":"chronik-jahre-mit-frohsinn","status":"publish","type":"page","link":"https:\/\/frohsinn-laichingen.de\/?page_id=82","title":{"rendered":"Chronik &#8211; Jahre mit Frohsinn"},"content":{"rendered":"\n<ul class=\"wp-block-list\">\n<li><strong>1871<\/strong>\n<ul class=\"wp-block-list\">\n<li>Gr\u00fcndung des Gesangvereins &#8222;Frohsinn&#8220; (M\u00e4nnerchor) durch laichinger Schulmeister G\u00e4nzlen<\/li>\n\n\n\n<li><\/li>\n<\/ul>\n<\/li>\n\n\n\n<li><strong>1893<\/strong>\n<ul class=\"wp-block-list\">\n<li>Wohlt\u00e4tigkeitskonzert zu Gunsten der &#8222;\u00dcberschwemmten&#8220; im Rheinland<\/li>\n\n\n\n<li><\/li>\n<\/ul>\n<\/li>\n\n\n\n<li><strong>1908<\/strong>\n<ul class=\"wp-block-list\">\n<li>Zus\u00e4tzlich zu dem bestehenden M\u00e4nnerchor wird ein gemischter Chor gegr\u00fcndet<\/li>\n\n\n\n<li><\/li>\n<\/ul>\n<\/li>\n\n\n\n<li><strong><strong>1911<\/strong><\/strong>\n<ul class=\"wp-block-list\">\n<li>Feier zum 40 j\u00e4hrigen Bestehen mit Fahnenweihe<\/li>\n\n\n\n<li><\/li>\n<\/ul>\n<\/li>\n\n\n\n<li><strong>1912<\/strong>\n<ul class=\"wp-block-list\">\n<li>Beitritt in den Schw\u00e4bischen S\u00e4ngerbund<\/li>\n\n\n\n<li><\/li>\n<\/ul>\n<\/li>\n\n\n\n<li><strong>1913<\/strong>\n<ul class=\"wp-block-list\">\n<li>Der erste zwei-t\u00e4gige Ausflug f\u00fchrt an den Bodensee<\/li>\n\n\n\n<li><\/li>\n<\/ul>\n<\/li>\n\n\n\n<li><strong><strong>1914<\/strong><\/strong>\n<ul class=\"wp-block-list\">\n<li>In M\u00fcnsingen wird der Albs\u00e4ngergau gegr\u00fcndet ( heute Bezirk Alb )<\/li>\n\n\n\n<li><\/li>\n<\/ul>\n<\/li>\n\n\n\n<li><strong><strong>1919<\/strong><\/strong>\n<ul class=\"wp-block-list\">\n<li>erster Auftritt nach dem I. Weltkrieg<\/li>\n\n\n\n<li><\/li>\n<\/ul>\n<\/li>\n\n\n\n<li><strong><strong>1921<\/strong><\/strong>\n<ul class=\"wp-block-list\">\n<li>50 j\u00e4hriges Jubil\u00e4um und Austragung des Albgaus\u00e4ngerfestes<\/li>\n\n\n\n<li><\/li>\n<\/ul>\n<\/li>\n\n\n\n<li><strong>1925<\/strong>\n<ul class=\"wp-block-list\">\n<li>Auff\u00fchrung des\u00a0Theaterst\u00fccks &#8222;Lore&#8220; von Daniel Mangold 1853-1935 ( Laichinger Handweber und Heimatdichter )<\/li>\n<\/ul>\n<\/li>\n\n\n\n<li><strong><strong>1928<\/strong><\/strong>\n<ul class=\"wp-block-list\">\n<li>400 Zuh\u00f6rerInnen kommen zur Schubert-Feier, welche zu Ehren des damals vor 100 Jahren verstorbenen Komponisten veranstaltet wird<\/li>\n\n\n\n<li><\/li>\n<\/ul>\n<\/li>\n\n\n\n<li><strong>1935<\/strong>\n<ul class=\"wp-block-list\">\n<li>Daniel-Mangold-Abend mit Auff\u00fchrung &#8222;Gertrud von Weidstetti&#8220; ein Theaterst\u00fcck des\u00a0Heimatdichters<\/li>\n\n\n\n<li><\/li>\n<\/ul>\n<\/li>\n\n\n\n<li><strong>1942<\/strong>\n<ul class=\"wp-block-list\">\n<li>Wegen des II. Weltkrieges m\u00fcssen die Singstunden eingestellt werden<\/li>\n\n\n\n<li><\/li>\n<\/ul>\n<\/li>\n\n\n\n<li><strong>1947<\/strong>\n<ul class=\"wp-block-list\">\n<li>Die franz\u00f6sischen Milit\u00e4rregierung erteilt die Genehmigung f\u00fcr den Wiederbeginn der Vereinst\u00e4tigkeit<\/li>\n\n\n\n<li><\/li>\n<\/ul>\n<\/li>\n\n\n\n<li><strong>1948<\/strong>\n<ul class=\"wp-block-list\">\n<li>Lehrer Alfred Brodbeck \u00fcbernimmt die Chorleitung<\/li>\n\n\n\n<li><\/li>\n<\/ul>\n<\/li>\n\n\n\n<li><strong>1951<\/strong>\n<ul class=\"wp-block-list\">\n<li>Mit gro\u00dfem Erfolg wird das 80-j\u00e4hrige Vereinsjubil\u00e4um gefeiert. Rund 1000 S\u00e4ngerInnen er\u00f6ffnen am Sonntag auf dem Marktplatz das Freundschaftssingen<\/li>\n\n\n\n<li><\/li>\n<\/ul>\n<\/li>\n\n\n\n<li><strong><span>1972<\/span><\/strong>\n<ul class=\"wp-block-list\">\n<li>Vom 28.4. bis 1.5. wird das 100-j\u00e4hrige Jubil\u00e4um und Verleihung der Zelterplakette gefeiert (\u00a0Wegen verz\u00f6gerter Fertigstellung der neuen Mehrzweckhalle wurde die Feier erst 1972 veranstaltet.)<\/li>\n\n\n\n<li><\/li>\n<\/ul>\n<\/li>\n\n\n\n<li><strong>1974<\/strong>\n<ul class=\"wp-block-list\">\n<li>Verabschiedung von Alfred Brodbeck. Nach 25 j\u00e4hriger Chorleitert\u00e4tigkeit wird er f\u00fcr seine gro\u00dfen Verdienste zum Ehrendirigenten ernannt.\u00a0Frauen- und M\u00e4nnerchor proben nun in gemeinsamen Singstunden<\/li>\n\n\n\n<li><\/li>\n<\/ul>\n<\/li>\n\n\n\n<li><strong>1984<\/strong>\n<ul class=\"wp-block-list\">\n<li>Helmut Hauber wird neuer Chorleiter<\/li>\n\n\n\n<li><\/li>\n<\/ul>\n<\/li>\n\n\n\n<li><strong>1987<\/strong>\n<ul class=\"wp-block-list\">\n<li>Konzertreise in die Partnerstadt Ducey inFrankreich. <\/li>\n\n\n\n<li>Produktion der Langspielplatte &#8222;Lieder der Romantik&#8220;<\/li>\n\n\n\n<li><\/li>\n<\/ul>\n<\/li>\n\n\n\n<li><strong><strong>1992<\/strong><\/strong>\n<ul class=\"wp-block-list\">\n<li>Konzertreise nach Balatonalmadi in Ungarn<\/li>\n\n\n\n<li><\/li>\n<\/ul>\n<\/li>\n\n\n\n<li><strong>1993<\/strong>\n<ul class=\"wp-block-list\">\n<li>Auff\u00fchrung &#8222;Die Sch\u00f6pfung&#8220; mit dem &#8222;Liederkranz&#8220; Owen\/Teck und dem Brenzhaus-Orchester Stuttgart<\/li>\n\n\n\n<li><\/li>\n<\/ul>\n<\/li>\n\n\n\n<li><strong>1995\u00a0<\/strong>\n<ul class=\"wp-block-list\">\n<li>Der &#8222;Frohsinn&#8220; bezieht seinen eigenen Proberaum in der Radschule, welcher f\u00fcr 30 Jahre kostenlos genutzt werden darf<\/li>\n\n\n\n<li><\/li>\n<\/ul>\n<\/li>\n\n\n\n<li><strong>1996<\/strong>\n<ul class=\"wp-block-list\">\n<li>12.- 14.Juli 125j\u00e4hriges Jubil\u00e4um mit dem Brenzhaus-Orchester Stuttgart und Freundschaftssingen mit\u00a0 benachbarten Gesangvereinen.<\/li>\n\n\n\n<li>21.9. Abschlusskonzert mit dem Kirchenchor Tandala aus Tansania in Afrika<\/li>\n\n\n\n<li><\/li>\n<\/ul>\n<\/li>\n\n\n\n<li><strong>1997<\/strong>\n<ul class=\"wp-block-list\">\n<li>Gr\u00fcndung eines Kinderchors<\/li>\n\n\n\n<li><\/li>\n<\/ul>\n<\/li>\n\n\n\n<li><strong>1998<\/strong>\n<ul class=\"wp-block-list\">\n<li>Das Oratorium &#8222;Die Jahreszeiten&#8220; von Joseph Haydn begeistert die Zuh\u00f6rer<\/li>\n\n\n\n<li><\/li>\n<\/ul>\n<\/li>\n\n\n\n<li><strong>2000<\/strong>\n<ul class=\"wp-block-list\">\n<li>Gr\u00fcndung des Popchors<\/li>\n\n\n\n<li><\/li>\n<\/ul>\n<\/li>\n\n\n\n<li><strong>2003<\/strong>\n<ul class=\"wp-block-list\">\n<li>Das Konzert &#8222;Tanz &amp; Musical&#8220; mit dem Gemischten Chor, Pop- und Kinderchor war ein voller Erfolg<\/li>\n\n\n\n<li><\/li>\n<\/ul>\n<\/li>\n\n\n\n<li><strong>2004<\/strong>\n<ul class=\"wp-block-list\">\n<li>Im November verl\u00e4sst Chorleiter Helmut Hauber nach 20 j\u00e4hriger Dirigentent\u00e4tigkeit den Verein.<\/li>\n\n\n\n<li>Der Popchor und die Eltern des Kinderchores werden von Helmut Hauber aufgefordert, mit ihm den Frohsinn mit zu verlassen.<\/li>\n\n\n\n<li>Die Dirigenten Krokenberger, Blaubeuren (Gem.Chor) und Bettina Gilbert\/Krokenberger, Blaubeuren (Kinderchor) \u00fcbernehmen vor\u00fcbergehend die musikalische Leitung des Frohsinn f\u00fcr zwei bzw. f\u00fcnf Monate<\/li>\n\n\n\n<li><\/li>\n<\/ul>\n<\/li>\n\n\n\n<li><strong><strong>2005<\/strong><\/strong>\n<ul class=\"wp-block-list\">\n<li>Im Januar \u00fcbernimmt Tobias Wahren aus Neu Ulm die Leitung des Gemischten Chores<\/li>\n\n\n\n<li>Katrin Graf aus Suppingen leitet den Kinderchor ab April<\/li>\n\n\n\n<li><\/li>\n<\/ul>\n<\/li>\n\n\n\n<li><strong>2008<\/strong>\n<ul class=\"wp-block-list\">\n<li>f\u00fcnf \u201eWahren-Ch\u00f6re\u201c f\u00fchren das Open-Air-Konzert die &#8222;Europa-Reise&#8220; auf: Laichingen, Altheim, Dornstadt, Ehingen, Herrlingen und Laupheim (Veranstalter war der Altheimer Chor)<\/li>\n\n\n\n<li><\/li>\n<\/ul>\n<\/li>\n\n\n\n<li><strong>2009<\/strong>\n<ul class=\"wp-block-list\">\n<li>Im\u00a0April \u00fcbernimmtChorleiter Albrecht Krokenberger, aus Blaubeuren, die Leitung des Gemischten-Chores<\/li>\n\n\n\n<li><\/li>\n<\/ul>\n<\/li>\n\n\n\n<li><strong>2011<\/strong>\n<ul class=\"wp-block-list\">\n<li>Auff\u00fchrung der &#8222;Petite Messe Sonnelle&#8220; in der Alban Kirche in Laichingen und in der Martin-Luther-Kirche in Ulm<\/li>\n\n\n\n<li><\/li>\n<\/ul>\n<\/li>\n\n\n\n<li><strong>2012<\/strong>\n<ul class=\"wp-block-list\">\n<li>Gr\u00fcndung eines kleinen Chorensembles &#8222;aCHORd&#8220; als gemischter Chor<\/li>\n\n\n\n<li><\/li>\n<\/ul>\n<\/li>\n\n\n\n<li><strong>2013<\/strong>\n<ul class=\"wp-block-list\">\n<li>ab Februar leitet Hellmut Stolz aus Eislingen den Gemischten Chor<\/li>\n\n\n\n<li><\/li>\n<\/ul>\n<\/li>\n\n\n\n<li><strong>2014<\/strong>\n<ul class=\"wp-block-list\">\n<li>Nach 20 Jahren beendet Joachim Claus sein Amt als Vorsitzender, Nachfolger wird Richard Behlmer<\/li>\n\n\n\n<li>&#8222;aCHORd&#8220; wird ein reines Frauenensemble und neue Chorleiterin wird Christiane Herr  <\/li>\n\n\n\n<li>Auff\u00fchrung Max&amp;Moritz (Chorical von Hellmut Stolz) aCHORd erstmals Part im Jahreskonzert des Frohsinn<\/li>\n\n\n\n<li><\/li>\n<\/ul>\n<\/li>\n\n\n\n<li><strong>2015<\/strong>\n<ul class=\"wp-block-list\">\n<li>aCHORd Konzert: Schwungvoll ins neue Jahr,&nbsp; Chor\u00fcbergabe:&nbsp; Christine Menge l\u00f6st Christiane Herr ab<\/li>\n\n\n\n<li>Konzert \u201eMy Fair Lady\u201c<\/li>\n\n\n\n<li>Ausrichten und musikalische Umrahmung Hauptversammlung Gauverband in Laichingen<\/li>\n\n\n\n<li>Stimmbildungsworkshop f\u00fcr befreundete Ch\u00f6re mit Christine Menge<\/li>\n\n\n\n<li><\/li>\n<\/ul>\n<\/li>\n\n\n\n<li><strong>2016<\/strong>\n<ul class=\"wp-block-list\">\n<li>Auftrtt &#8222;aCHORd&#8220; in Blaubeuren im Fr\u00f6hlicher Nix<\/li>\n\n\n\n<li>Gr\u00fcndung Kinderchor &#8222;Frohsinnh\u00fcpfer&#8220; mit Elke Tuchnowski<\/li>\n\n\n\n<li>Adventskonzert in St. Alban mit Orgel<\/li>\n\n\n\n<li><\/li>\n<\/ul>\n<\/li>\n\n\n\n<li><strong>2017<\/strong>\n<ul class=\"wp-block-list\">\n<li>Gastauftritt bei den Pr\u00e4sentationstagen Kunst- und Kultur in LA<\/li>\n\n\n\n<li>&#8222;aCHORd&#8220; Konzert mit der Band \u201eSchlicht und Ergreifend\u201c<\/li>\n\n\n\n<li>Konzert \u201eDie Glocke\u201c in der katholischen Kirche Laichingen und der Blaubeurer Stadtkirche<\/li>\n\n\n\n<li><\/li>\n<\/ul>\n<\/li>\n\n\n\n<li><strong>2018<\/strong>\n<ul class=\"wp-block-list\">\n<li>Elke Tuchnowski \u00fcbernimmt Vereinsvorsitz<\/li>\n\n\n\n<li>&#8222;Frohsinnh\u00fcpfer&#8220; f\u00fchren das  \u201eGr\u00fcffelo\u201c auf<\/li>\n\n\n\n<li>Urauff\u00fchrung \u201eJericho\u201c mit Spielszenen, Solisten und Sprechern<\/li>\n\n\n\n<li><\/li>\n<\/ul>\n<\/li>\n\n\n\n<li><strong>2019<\/strong>\n<ul class=\"wp-block-list\">\n<li>Ausf\u00fchrung eines Tanzballs (&#8222;Tanz in den Mai&#8220;)<\/li>\n\n\n\n<li>&#8222;Frohsinn&#8220; beteiligt sich mit &#8222;My Fair Lady&#8220;-Liedern an einer Feier f\u00fcr Chorleiterjubil\u00e4um Hellmut Stolz in Nellingen<\/li>\n\n\n\n<li>aCHORd singt Perlen der Chormusik in Gruorner Kirche<\/li>\n\n\n\n<li>&#8222;Singen verbindet&#8220;: alle 3 Ch\u00f6re konzertieren in Kulisse von Ku-Ku-in LA<\/li>\n\n\n\n<li>Nach der JHV (ab M\u00e4rz) keine Singstunden mehr m\u00f6glich wegen der Corona-Pandemie<\/li>\n\n\n\n<li><\/li>\n<\/ul>\n<\/li>\n\n\n\n<li><strong>2020<\/strong>\n<ul class=\"wp-block-list\">\n<li>im Juli Grillfest in Westerlau unter Einhaltung der Corona-Regeln<\/li>\n\n\n\n<li><\/li>\n<\/ul>\n<\/li>\n\n\n\n<li><strong>2021<\/strong>\n<ul class=\"wp-block-list\">\n<li>Singproben bis September nicht m\u00f6glich<\/li>\n\n\n\n<li>Stimmbildung mit Alexander Lotz, der danach aCHORd \u00fcbernimmt<\/li>\n\n\n\n<li>Grillh\u00e4hnchenverkauf am verkaufsoffenen Sonntag<\/li>\n\n\n\n<li><\/li>\n<\/ul>\n<\/li>\n\n\n\n<li><strong>2023<\/strong>\n<ul class=\"wp-block-list\">\n<li>Christian Vogt \u00fcbernimmt den gemischten Chor<\/li>\n\n\n\n<li>Serenade an der Frohsinnlinde (wegen Regens im Cube)<\/li>\n\n\n\n<li>Frohsinnh\u00fcpfermusical &#8222;gut gebr\u00fcllt L\u00f6we&#8220;<\/li>\n\n\n\n<li>Teilnahme am Stadtfest mit Gulasch<\/li>\n\n\n\n<li>musikalische Untermalung des Volkstrauertages<\/li>\n\n\n\n<li>aCHORdkonzert &#8222;Herzt\u00f6ne&#8220;<\/li>\n<\/ul>\n<\/li>\n<\/ul>\n","protected":false},"excerpt":{"rendered":"","protected":false},"author":1,"featured_media":0,"parent":0,"menu_order":0,"comment_status":"closed","ping_status":"closed","template":"","meta":{"footnotes":""},"class_list":["post-82","page","type-page","status-publish","hentry"],"_links":{"self":[{"href":"https:\/\/frohsinn-laichingen.de\/index.php?rest_route=\/wp\/v2\/pages\/82","targetHints":{"allow":["GET"]}}],"collection":[{"href":"https:\/\/frohsinn-laichingen.de\/index.php?rest_route=\/wp\/v2\/pages"}],"about":[{"href":"https:\/\/frohsinn-laichingen.de\/index.php?rest_route=\/wp\/v2\/types\/page"}],"author":[{"embeddable":true,"href":"https:\/\/frohsinn-laichingen.de\/index.php?rest_route=\/wp\/v2\/users\/1"}],"replies":[{"embeddable":true,"href":"https:\/\/frohsinn-laichingen.de\/index.php?rest_route=%2Fwp%2Fv2%2Fcomments&post=82"}],"version-history":[{"count":1,"href":"https:\/\/frohsinn-laichingen.de\/index.php?rest_route=\/wp\/v2\/pages\/82\/revisions"}],"predecessor-version":[{"id":84,"href":"https:\/\/frohsinn-laichingen.de\/index.php?rest_route=\/wp\/v2\/pages\/82\/revisions\/84"}],"wp:attachment":[{"href":"https:\/\/frohsinn-laichingen.de\/index.php?rest_route=%2Fwp%2Fv2%2Fmedia&parent=82"}],"curies":[{"name":"wp","href":"https:\/\/api.w.org\/{rel}","templated":true}]}}