{"id":85,"date":"2024-03-04T07:16:46","date_gmt":"2024-03-04T06:16:46","guid":{"rendered":"https:\/\/frohsinn-laichingen.de\/?page_id=85"},"modified":"2026-02-26T10:12:44","modified_gmt":"2026-02-26T09:12:44","slug":"gemischter-chor","status":"publish","type":"page","link":"https:\/\/frohsinn-laichingen.de\/?page_id=85","title":{"rendered":"gemischter Chor"},"content":{"rendered":"\n<figure class=\"wp-block-image size-large\"><img loading=\"lazy\" decoding=\"async\" width=\"1024\" height=\"719\" src=\"https:\/\/frohsinn-laichingen.de\/wp-content\/uploads\/2025\/03\/IMG-20250228-WA0006-1024x719.jpg\" alt=\"\" class=\"wp-image-224\" srcset=\"https:\/\/frohsinn-laichingen.de\/wp-content\/uploads\/2025\/03\/IMG-20250228-WA0006-1024x719.jpg 1024w, https:\/\/frohsinn-laichingen.de\/wp-content\/uploads\/2025\/03\/IMG-20250228-WA0006-300x210.jpg 300w, https:\/\/frohsinn-laichingen.de\/wp-content\/uploads\/2025\/03\/IMG-20250228-WA0006-768x539.jpg 768w, https:\/\/frohsinn-laichingen.de\/wp-content\/uploads\/2025\/03\/IMG-20250228-WA0006-1536x1078.jpg 1536w, https:\/\/frohsinn-laichingen.de\/wp-content\/uploads\/2025\/03\/IMG-20250228-WA0006.jpg 2048w\" sizes=\"auto, (max-width: 1024px) 100vw, 1024px\" \/><\/figure>\n\n\n\n<p>Unser gemischter Chor ist f\u00fcr alle, die gerne singen. Wenn es die Probenzeit erlaubt, konzertieren wir zwei Mal im Jahr. Es ist immer wieder ein sch\u00f6nes Gef\u00fchl, wenn sich nach gelungener Probenarbeit die Melodien mehrstimmig zusammenf\u00fcgen zum harmonischen Gesamtklang. Die Proben finden im vereinseigenen Proberaum in der Radstra\u00dfe 8, <strong> immer mittwochs von 18 Uhr bis 19:30 Uh<\/strong>r statt. Was uns verbindet, ist vor allem die Freude am gemeinsamen Singen und die Gemeinschaft, die ein r\u00fchriger Verein bietet.<\/p>\n\n\n\n<p>Gasts\u00e4ngerInnen sind jederzeit gerne willkommen.<\/p>\n\n\n\n<figure class=\"wp-block-image size-full\"><img loading=\"lazy\" decoding=\"async\" width=\"500\" height=\"335\" src=\"https:\/\/frohsinn-laichingen.de\/wp-content\/uploads\/2024\/03\/vogt.webp\" alt=\"Chorleiter Christian Vogt\" class=\"wp-image-86\" srcset=\"https:\/\/frohsinn-laichingen.de\/wp-content\/uploads\/2024\/03\/vogt.webp 500w, https:\/\/frohsinn-laichingen.de\/wp-content\/uploads\/2024\/03\/vogt-300x201.webp 300w\" sizes=\"auto, (max-width: 500px) 100vw, 500px\" \/><\/figure>\n\n\n\n<p>Unser Chorleiter Christian Vogt \u00fcbt mit uns neue St\u00fccke und Repatoires, er unterst\u00fctzt die S\u00e4ngerInnen, die eigene Stimme zu beherschen und voll auszusch\u00f6pfen, ausserdem gibt er n\u00fctzliche Tipps und erkl\u00e4rt ganz nebenbei Musiktheorie und Musikgeschichte. Die Proben sind freundlich, f\u00f6rdernd und kurzweilig.<\/p>\n","protected":false},"excerpt":{"rendered":"<p>Unser gemischter Chor ist f\u00fcr alle, die gerne singen. Wenn es die Probenzeit erlaubt, konzertieren wir zwei Mal im Jahr. Es ist immer wieder ein sch\u00f6nes Gef\u00fchl, wenn sich nach gelungener Probenarbeit die Melodien mehrstimmig zusammenf\u00fcgen zum harmonischen Gesamtklang. Die<\/p>\n","protected":false},"author":1,"featured_media":0,"parent":0,"menu_order":0,"comment_status":"closed","ping_status":"closed","template":"","meta":{"footnotes":""},"class_list":["post-85","page","type-page","status-publish","hentry"],"_links":{"self":[{"href":"https:\/\/frohsinn-laichingen.de\/index.php?rest_route=\/wp\/v2\/pages\/85","targetHints":{"allow":["GET"]}}],"collection":[{"href":"https:\/\/frohsinn-laichingen.de\/index.php?rest_route=\/wp\/v2\/pages"}],"about":[{"href":"https:\/\/frohsinn-laichingen.de\/index.php?rest_route=\/wp\/v2\/types\/page"}],"author":[{"embeddable":true,"href":"https:\/\/frohsinn-laichingen.de\/index.php?rest_route=\/wp\/v2\/users\/1"}],"replies":[{"embeddable":true,"href":"https:\/\/frohsinn-laichingen.de\/index.php?rest_route=%2Fwp%2Fv2%2Fcomments&post=85"}],"version-history":[{"count":5,"href":"https:\/\/frohsinn-laichingen.de\/index.php?rest_route=\/wp\/v2\/pages\/85\/revisions"}],"predecessor-version":[{"id":373,"href":"https:\/\/frohsinn-laichingen.de\/index.php?rest_route=\/wp\/v2\/pages\/85\/revisions\/373"}],"wp:attachment":[{"href":"https:\/\/frohsinn-laichingen.de\/index.php?rest_route=%2Fwp%2Fv2%2Fmedia&parent=85"}],"curies":[{"name":"wp","href":"https:\/\/api.w.org\/{rel}","templated":true}]}}