{"id":96,"date":"2024-03-04T07:37:48","date_gmt":"2024-03-04T06:37:48","guid":{"rendered":"https:\/\/frohsinn-laichingen.de\/?page_id=96"},"modified":"2025-09-11T15:57:45","modified_gmt":"2025-09-11T13:57:45","slug":"frohsinnhuepfer","status":"publish","type":"page","link":"https:\/\/frohsinn-laichingen.de\/?page_id=96","title":{"rendered":"Kinderchor \u201eFrohsinnKids\u201c,"},"content":{"rendered":"\n<p>Die Probezeiten sind Freitags w\u00f6chentlich 15 Uhr bis 16:00 Uhr und <br>vor Auftritten zus\u00e4tzlich Samstags in der Schillerstra\u00dfe 2 bei Marita &amp; Kai<br>Probeninhalte sind: Gesangs- und Spannungs\u00fcbungen, Rhythmusschulung und Ballettgrundlagen.<br>Neben dem Lieder singen, besteht auch die M\u00f6glichkeit Instrumente kennenzulernen<\/p>\n\n\n<div class=\"wp-block-image\">\n<figure class=\"alignleft size-full is-resized\"><img loading=\"lazy\" decoding=\"async\" width=\"400\" height=\"267\" src=\"https:\/\/frohsinn-laichingen.de\/wp-content\/uploads\/2025\/05\/kiko3.jpg\" alt=\"\" class=\"wp-image-296\" style=\"width:400px;height:auto\" srcset=\"https:\/\/frohsinn-laichingen.de\/wp-content\/uploads\/2025\/05\/kiko3.jpg 400w, https:\/\/frohsinn-laichingen.de\/wp-content\/uploads\/2025\/05\/kiko3-300x200.jpg 300w\" sizes=\"auto, (max-width: 400px) 100vw, 400px\" \/><\/figure><\/div>\n\n\n<p>Alle die gerne Singen sind bei uns herzlich willkommen!<\/p>\n\n\n\n<figure class=\"wp-block-image size-full\"><img loading=\"lazy\" decoding=\"async\" width=\"400\" height=\"267\" src=\"https:\/\/frohsinn-laichingen.de\/wp-content\/uploads\/2025\/05\/kiko2.jpg\" alt=\"\" class=\"wp-image-297\" srcset=\"https:\/\/frohsinn-laichingen.de\/wp-content\/uploads\/2025\/05\/kiko2.jpg 400w, https:\/\/frohsinn-laichingen.de\/wp-content\/uploads\/2025\/05\/kiko2-300x200.jpg 300w\" sizes=\"auto, (max-width: 400px) 100vw, 400px\" \/><\/figure>\n\n\n\n<p><\/p>\n","protected":false},"excerpt":{"rendered":"<p>Die Probezeiten sind Freitags w\u00f6chentlich 15 Uhr bis 16:00 Uhr und vor Auftritten zus\u00e4tzlich Samstags in der Schillerstra\u00dfe 2 bei Marita &amp; KaiProbeninhalte sind: Gesangs- und Spannungs\u00fcbungen, Rhythmusschulung und Ballettgrundlagen.Neben dem Lieder singen, besteht auch die M\u00f6glichkeit Instrumente kennenzulernen Alle<\/p>\n","protected":false},"author":1,"featured_media":0,"parent":0,"menu_order":0,"comment_status":"closed","ping_status":"closed","template":"","meta":{"footnotes":""},"class_list":["post-96","page","type-page","status-publish","hentry"],"_links":{"self":[{"href":"https:\/\/frohsinn-laichingen.de\/index.php?rest_route=\/wp\/v2\/pages\/96","targetHints":{"allow":["GET"]}}],"collection":[{"href":"https:\/\/frohsinn-laichingen.de\/index.php?rest_route=\/wp\/v2\/pages"}],"about":[{"href":"https:\/\/frohsinn-laichingen.de\/index.php?rest_route=\/wp\/v2\/types\/page"}],"author":[{"embeddable":true,"href":"https:\/\/frohsinn-laichingen.de\/index.php?rest_route=\/wp\/v2\/users\/1"}],"replies":[{"embeddable":true,"href":"https:\/\/frohsinn-laichingen.de\/index.php?rest_route=%2Fwp%2Fv2%2Fcomments&post=96"}],"version-history":[{"count":15,"href":"https:\/\/frohsinn-laichingen.de\/index.php?rest_route=\/wp\/v2\/pages\/96\/revisions"}],"predecessor-version":[{"id":323,"href":"https:\/\/frohsinn-laichingen.de\/index.php?rest_route=\/wp\/v2\/pages\/96\/revisions\/323"}],"wp:attachment":[{"href":"https:\/\/frohsinn-laichingen.de\/index.php?rest_route=%2Fwp%2Fv2%2Fmedia&parent=96"}],"curies":[{"name":"wp","href":"https:\/\/api.w.org\/{rel}","templated":true}]}}